{"id":2,"date":"2022-02-10T04:13:50","date_gmt":"2022-02-10T04:13:50","guid":{"rendered":"https:\/\/marcom-lab.com\/?page_id=2"},"modified":"2022-02-15T04:41:42","modified_gmt":"2022-02-15T04:41:42","slug":"marketing","status":"publish","type":"page","link":"https:\/\/marcom-lab.com\/index.php\/marketing\/","title":{"rendered":""},"content":{"rendered":"\t\t<div data-elementor-type=\"wp-page\" data-elementor-id=\"2\" class=\"elementor elementor-2\">\n\t\t\t\t\t\t\t\t\t<section class=\"elementor-section elementor-top-section elementor-element elementor-element-357a5e24 elementor-section-boxed elementor-section-height-default elementor-section-height-default\" data-id=\"357a5e24\" data-element_type=\"section\">\n\t\t\t\t\t\t<div class=\"elementor-container elementor-column-gap-default\">\n\t\t\t\t\t<div class=\"elementor-column elementor-col-100 elementor-top-column elementor-element elementor-element-62ca87b9\" data-id=\"62ca87b9\" data-element_type=\"column\">\n\t\t\t<div class=\"elementor-widget-wrap elementor-element-populated\">\n\t\t\t\t\t\t\t\t<section class=\"elementor-section elementor-inner-section elementor-element elementor-element-af29a47 elementor-section-boxed elementor-section-height-default elementor-section-height-default\" data-id=\"af29a47\" data-element_type=\"section\">\n\t\t\t\t\t\t<div class=\"elementor-container elementor-column-gap-default\">\n\t\t\t\t\t<div class=\"elementor-column elementor-col-50 elementor-inner-column elementor-element elementor-element-243aa72\" data-id=\"243aa72\" data-element_type=\"column\">\n\t\t\t<div class=\"elementor-widget-wrap elementor-element-populated\">\n\t\t\t\t\t\t\t\t<div class=\"elementor-element elementor-element-f23aecf elementor-widget elementor-widget-text-editor\" data-id=\"f23aecf\" data-element_type=\"widget\" data-widget_type=\"text-editor.default\">\n\t\t\t\t<div class=\"elementor-widget-container\">\n\t\t\t<style>\/*! elementor - v3.7.8 - 02-10-2022 *\/\n.elementor-widget-text-editor.elementor-drop-cap-view-stacked .elementor-drop-cap{background-color:#818a91;color:#fff}.elementor-widget-text-editor.elementor-drop-cap-view-framed .elementor-drop-cap{color:#818a91;border:3px solid;background-color:transparent}.elementor-widget-text-editor:not(.elementor-drop-cap-view-default) .elementor-drop-cap{margin-top:8px}.elementor-widget-text-editor:not(.elementor-drop-cap-view-default) .elementor-drop-cap-letter{width:1em;height:1em}.elementor-widget-text-editor .elementor-drop-cap{float:left;text-align:center;line-height:1;font-size:50px}.elementor-widget-text-editor .elementor-drop-cap-letter{display:inline-block}<\/style>\t\t\t\t<h2>MARKETING<\/h2>\t\t\t\t\t\t<\/div>\n\t\t\t\t<\/div>\n\t\t\t\t\t<\/div>\n\t\t<\/div>\n\t\t\t\t<div class=\"elementor-column elementor-col-50 elementor-inner-column elementor-element elementor-element-2b8ca96\" data-id=\"2b8ca96\" data-element_type=\"column\">\n\t\t\t<div class=\"elementor-widget-wrap\">\n\t\t\t\t\t\t\t\t\t<\/div>\n\t\t<\/div>\n\t\t\t\t\t\t\t<\/div>\n\t\t<\/section>\n\t\t\t\t<section class=\"elementor-section elementor-inner-section elementor-element elementor-element-f92bbb4 elementor-section-boxed elementor-section-height-default elementor-section-height-default\" data-id=\"f92bbb4\" data-element_type=\"section\">\n\t\t\t\t\t\t<div class=\"elementor-container elementor-column-gap-default\">\n\t\t\t\t\t<div class=\"elementor-column elementor-col-50 elementor-inner-column elementor-element elementor-element-85304ef\" data-id=\"85304ef\" data-element_type=\"column\">\n\t\t\t<div class=\"elementor-widget-wrap elementor-element-populated\">\n\t\t\t\t\t\t\t\t<div class=\"elementor-element elementor-element-038b875 elementor-widget elementor-widget-text-editor\" data-id=\"038b875\" data-element_type=\"widget\" data-widget_type=\"text-editor.default\">\n\t\t\t\t<div class=\"elementor-widget-container\">\n\t\t\t\t\t\t\t<p style=\"font-size: 14px; font-style: normal;\"><b>PRIMERO &#8220;EL PLAN&#8221;<\/b><\/p>\n<p style=\"font-size: 14px; font-style: normal;\"><span style=\"font-size: 14px;\">Una adecuada confecci\u00f3n de nuestro\u00a0plan de marketing, permite dar un salto cualitativo y cuantitativo en la estrategia de captaci\u00f3n de clientes, fidelizaci\u00f3n y expansi\u00f3n comercial, tanto en relaci\u00f3n a la apertura de nuevos mercados como nuevos sectores. Por ello, es imprescindible que antes de\u00a0lanzar un producto o servicio, se trabaje un plan de marketing que dise\u00f1e cu\u00e1l va a ser la estrategia a seguir para conseguir tener \u00e9xito en el mercado en el que nos encontremos.<\/span><\/p>\n<div>\n<p class=\"wb-stl-normal\" style=\"font-size: 14px;\">D\u00e9janos ayudarte y desarrollarlo conjuntamente para encontrar los mejores resultados.<\/p>\n<\/div>\t\t\t\t\t\t<\/div>\n\t\t\t\t<\/div>\n\t\t\t\t\t<\/div>\n\t\t<\/div>\n\t\t\t\t<div class=\"elementor-column elementor-col-50 elementor-inner-column elementor-element elementor-element-0749d13\" data-id=\"0749d13\" data-element_type=\"column\">\n\t\t\t<div class=\"elementor-widget-wrap elementor-element-populated\">\n\t\t\t\t\t\t\t\t<div class=\"elementor-element elementor-element-b8eab28 elementor-widget elementor-widget-image\" data-id=\"b8eab28\" data-element_type=\"widget\" data-widget_type=\"image.default\">\n\t\t\t\t<div class=\"elementor-widget-container\">\n\t\t\t<style>\/*! elementor - v3.7.8 - 02-10-2022 *\/\n.elementor-widget-image{text-align:center}.elementor-widget-image a{display:inline-block}.elementor-widget-image a img[src$=\".svg\"]{width:48px}.elementor-widget-image img{vertical-align:middle;display:inline-block}<\/style>\t\t\t\t\t\t\t\t\t\t\t\t<img loading=\"lazy\" decoding=\"async\" width=\"720\" height=\"480\" src=\"https:\/\/marcom-lab.com\/wp-content\/uploads\/2022\/02\/marketing-strategies-3105875__480.jpeg\" class=\"attachment-large size-large\" alt=\"\" srcset=\"https:\/\/marcom-lab.com\/wp-content\/uploads\/2022\/02\/marketing-strategies-3105875__480.jpeg 720w, https:\/\/marcom-lab.com\/wp-content\/uploads\/2022\/02\/marketing-strategies-3105875__480-300x200.jpeg 300w\" sizes=\"auto, (max-width: 720px) 100vw, 720px\" \/>\t\t\t\t\t\t\t\t\t\t\t\t\t\t\t<\/div>\n\t\t\t\t<\/div>\n\t\t\t\t\t<\/div>\n\t\t<\/div>\n\t\t\t\t\t\t\t<\/div>\n\t\t<\/section>\n\t\t\t\t<div class=\"elementor-element elementor-element-7261627b elementor-widget elementor-widget-text-editor\" data-id=\"7261627b\" data-element_type=\"widget\" data-widget_type=\"text-editor.default\">\n\t\t\t\t<div class=\"elementor-widget-container\">\n\t\t\t\t\t\t\t\t\t\t\t\t\t<\/div>\n\t\t\t\t<\/div>\n\t\t\t\t<section class=\"elementor-section elementor-inner-section elementor-element elementor-element-5af56f4 elementor-section-boxed elementor-section-height-default elementor-section-height-default\" data-id=\"5af56f4\" data-element_type=\"section\">\n\t\t\t\t\t\t<div class=\"elementor-container elementor-column-gap-default\">\n\t\t\t\t\t<div class=\"elementor-column elementor-col-50 elementor-inner-column elementor-element elementor-element-ae0f18a\" data-id=\"ae0f18a\" data-element_type=\"column\">\n\t\t\t<div class=\"elementor-widget-wrap elementor-element-populated\">\n\t\t\t\t\t\t\t\t<div class=\"elementor-element elementor-element-2fd596b elementor-widget elementor-widget-image\" data-id=\"2fd596b\" data-element_type=\"widget\" data-widget_type=\"image.default\">\n\t\t\t\t<div class=\"elementor-widget-container\">\n\t\t\t\t\t\t\t\t\t\t\t\t\t\t\t<img loading=\"lazy\" decoding=\"async\" width=\"720\" height=\"480\" src=\"https:\/\/marcom-lab.com\/wp-content\/uploads\/2022\/02\/digital-marketing-5816304__480.jpeg\" class=\"attachment-large size-large\" alt=\"\" srcset=\"https:\/\/marcom-lab.com\/wp-content\/uploads\/2022\/02\/digital-marketing-5816304__480.jpeg 720w, https:\/\/marcom-lab.com\/wp-content\/uploads\/2022\/02\/digital-marketing-5816304__480-300x200.jpeg 300w\" sizes=\"auto, (max-width: 720px) 100vw, 720px\" \/>\t\t\t\t\t\t\t\t\t\t\t\t\t\t\t<\/div>\n\t\t\t\t<\/div>\n\t\t\t\t\t<\/div>\n\t\t<\/div>\n\t\t\t\t<div class=\"elementor-column elementor-col-50 elementor-inner-column elementor-element elementor-element-6c80657\" data-id=\"6c80657\" data-element_type=\"column\">\n\t\t\t<div class=\"elementor-widget-wrap elementor-element-populated\">\n\t\t\t\t\t\t\t\t<div class=\"elementor-element elementor-element-f30532c elementor-widget elementor-widget-text-editor\" data-id=\"f30532c\" data-element_type=\"widget\" data-widget_type=\"text-editor.default\">\n\t\t\t\t<div class=\"elementor-widget-container\">\n\t\t\t\t\t\t\t<p><b>MARKETING DIGITAL<\/b><\/p>\n<p>Trabajamos todo tipo de estrategias en funci\u00f3n del briefing del cliente. Comenzamos con la creaci\u00f3n del sitio web completamente optimizado para el <strong>Posicionamiento org\u00e1nico (SEO) <\/strong>y mientras que el posicionamiento org\u00e1nico va poco a poco creciendo, nuestras campa\u00f1as de\u00a0<strong><span style=\"background-color: var(--ast-global-color-5); color: var(--ast-global-color-3); font-size: 1rem;\">Posicionamiento\u00a0<\/span>SEM<\/strong>\u00a0nos permitir\u00e1 ser el n\u00famero uno desde el momento en que se activa la campa\u00f1a.\u00a0<\/p>\n<p>Combinamos nuestras estrategias con las tan conocidas <strong>redes sociales<\/strong> y el\u00a0<strong>E-Mail Marketing<\/strong>\u00a0. Una mezcla perfecta entre lo corporativo y el entretenimiento donde tu marca puede llegar a todos los hogares de tu target de forma f\u00e1cil y eficaz.<\/p>\n<p>\u00a0<\/p>\t\t\t\t\t\t<\/div>\n\t\t\t\t<\/div>\n\t\t\t\t\t<\/div>\n\t\t<\/div>\n\t\t\t\t\t\t\t<\/div>\n\t\t<\/section>\n\t\t\t\t<section class=\"elementor-section elementor-inner-section elementor-element elementor-element-263fd78 elementor-section-boxed elementor-section-height-default elementor-section-height-default\" data-id=\"263fd78\" data-element_type=\"section\">\n\t\t\t\t\t\t<div class=\"elementor-container elementor-column-gap-default\">\n\t\t\t\t\t<div class=\"elementor-column elementor-col-50 elementor-inner-column elementor-element elementor-element-fa72f4f\" data-id=\"fa72f4f\" data-element_type=\"column\">\n\t\t\t<div class=\"elementor-widget-wrap elementor-element-populated\">\n\t\t\t\t\t\t\t\t<div class=\"elementor-element elementor-element-72b517b elementor-widget elementor-widget-text-editor\" data-id=\"72b517b\" data-element_type=\"widget\" data-widget_type=\"text-editor.default\">\n\t\t\t\t<div class=\"elementor-widget-container\">\n\t\t\t\t\t\t\t<p><strong>EVENTOS<\/strong><\/p><p>Llevamos m\u00e1s de 2 d\u00e9cadas gestionando eventos nacionales e internacionales para nuestros clientes. Entendemos las expectativas y objetivos de cada uno de ellos y contamos con las herramientas y la experiencia necesarias para cumplirlos con \u00e9xito.<\/p><p>Gestionamos eventos completos desde el dise\u00f1o creativo hasta la contrataci\u00f3n, log\u00edstica, gesti\u00f3n de espacios, producci\u00f3n y montaje de stands. Disponemos de personal cualificado para eventos (hosts\/azafatas, seguridad, etc.) y organizamos actividades de team building, incentivos, actividades post evento, etc.<\/p><p>\u00a0<\/p><p>\u00a0<\/p>\t\t\t\t\t\t<\/div>\n\t\t\t\t<\/div>\n\t\t\t\t\t<\/div>\n\t\t<\/div>\n\t\t\t\t<div class=\"elementor-column elementor-col-50 elementor-inner-column elementor-element elementor-element-3dc461a\" data-id=\"3dc461a\" data-element_type=\"column\">\n\t\t\t<div class=\"elementor-widget-wrap elementor-element-populated\">\n\t\t\t\t\t\t\t\t<div class=\"elementor-element elementor-element-f7c86ce elementor-widget elementor-widget-image\" data-id=\"f7c86ce\" data-element_type=\"widget\" data-widget_type=\"image.default\">\n\t\t\t\t<div class=\"elementor-widget-container\">\n\t\t\t\t\t\t\t\t\t\t\t\t\t\t\t<img loading=\"lazy\" decoding=\"async\" width=\"510\" height=\"340\" src=\"https:\/\/marcom-lab.com\/wp-content\/uploads\/2022\/02\/international-conference-1597531__340.jpeg\" class=\"attachment-large size-large\" alt=\"\" srcset=\"https:\/\/marcom-lab.com\/wp-content\/uploads\/2022\/02\/international-conference-1597531__340.jpeg 510w, https:\/\/marcom-lab.com\/wp-content\/uploads\/2022\/02\/international-conference-1597531__340-300x200.jpeg 300w\" sizes=\"auto, (max-width: 510px) 100vw, 510px\" \/>\t\t\t\t\t\t\t\t\t\t\t\t\t\t\t<\/div>\n\t\t\t\t<\/div>\n\t\t\t\t\t<\/div>\n\t\t<\/div>\n\t\t\t\t\t\t\t<\/div>\n\t\t<\/section>\n\t\t\t\t<section class=\"elementor-section elementor-inner-section elementor-element elementor-element-6292ec5 elementor-section-boxed elementor-section-height-default elementor-section-height-default\" data-id=\"6292ec5\" data-element_type=\"section\">\n\t\t\t\t\t\t<div class=\"elementor-container elementor-column-gap-default\">\n\t\t\t\t\t<div class=\"elementor-column elementor-col-50 elementor-inner-column elementor-element elementor-element-6fec110\" data-id=\"6fec110\" data-element_type=\"column\">\n\t\t\t<div class=\"elementor-widget-wrap elementor-element-populated\">\n\t\t\t\t\t\t\t\t<div class=\"elementor-element elementor-element-b29ba6e elementor-widget elementor-widget-image\" data-id=\"b29ba6e\" data-element_type=\"widget\" data-widget_type=\"image.default\">\n\t\t\t\t<div class=\"elementor-widget-container\">\n\t\t\t\t\t\t\t\t\t\t\t\t\t\t\t<img loading=\"lazy\" decoding=\"async\" width=\"612\" height=\"415\" src=\"https:\/\/marcom-lab.com\/wp-content\/uploads\/2022\/02\/POP-material.jpeg\" class=\"attachment-large size-large\" alt=\"\" srcset=\"https:\/\/marcom-lab.com\/wp-content\/uploads\/2022\/02\/POP-material.jpeg 612w, https:\/\/marcom-lab.com\/wp-content\/uploads\/2022\/02\/POP-material-300x203.jpeg 300w\" sizes=\"auto, (max-width: 612px) 100vw, 612px\" \/>\t\t\t\t\t\t\t\t\t\t\t\t\t\t\t<\/div>\n\t\t\t\t<\/div>\n\t\t\t\t\t<\/div>\n\t\t<\/div>\n\t\t\t\t<div class=\"elementor-column elementor-col-50 elementor-inner-column elementor-element elementor-element-c382f2f\" data-id=\"c382f2f\" data-element_type=\"column\">\n\t\t\t<div class=\"elementor-widget-wrap elementor-element-populated\">\n\t\t\t\t\t\t\t\t<div class=\"elementor-element elementor-element-aa2c625 elementor-widget elementor-widget-text-editor\" data-id=\"aa2c625\" data-element_type=\"widget\" data-widget_type=\"text-editor.default\">\n\t\t\t\t<div class=\"elementor-widget-container\">\n\t\t\t\t\t\t\t<p><b>MATERIAL POP<\/b><\/p>\n<p>Nuestro Departamento de Dise\u00f1o trabaja diariamente en el desarrollo de infinidad de piezas enfocadas en la necesidad de cada cliente.<\/p>\n<p><span style=\"font-style: inherit; color: var(--ast-global-color-3);\">Trabajamos proyectos de identidad corporativa<\/span><span style=\"font-style: inherit; background-color: var(--ast-global-color-5); color: var(--ast-global-color-3);\"> con clientes de todos los sectores, estudiando su firma, target, sector y valores para ofrecer un resultado que transmita todo lo que necesita para triunfar.<\/span><\/p>\n<p>Branding, rebranding, piezas gr\u00e1ficas, dise\u00f1o y maquetaci\u00f3n de v\u00eddeos, papeler\u00eda corporativa, Street marketing, banners publicitarios o brochures comerciales son solo una peque\u00f1a muestra de todo lo que podemos hacer por tu empresa.<\/p>\t\t\t\t\t\t<\/div>\n\t\t\t\t<\/div>\n\t\t\t\t\t<\/div>\n\t\t<\/div>\n\t\t\t\t\t\t\t<\/div>\n\t\t<\/section>\n\t\t\t\t\t<\/div>\n\t\t<\/div>\n\t\t\t\t\t\t\t<\/div>\n\t\t<\/section>\n\t\t\t\t\t\t\t<\/div>\n\t\t","protected":false},"excerpt":{"rendered":"<p>MARKETING PRIMERO &#8220;EL PLAN&#8221; Una adecuada confecci\u00f3n de nuestro\u00a0plan de marketing, permite dar un salto cualitativo y cuantitativo en la estrategia de captaci\u00f3n de clientes, fidelizaci\u00f3n y expansi\u00f3n comercial, tanto en relaci\u00f3n a la apertura de nuevos mercados como nuevos sectores. Por ello, es imprescindible que antes de\u00a0lanzar un producto o servicio, se trabaje un &hellip;<\/p>\n<p class=\"read-more\"> <a class=\"\" href=\"https:\/\/marcom-lab.com\/index.php\/marketing\/\">  Read More &raquo;<\/a><\/p>\n","protected":false},"author":1,"featured_media":0,"parent":0,"menu_order":0,"comment_status":"closed","ping_status":"closed","template":"","meta":{"site-sidebar-layout":"default","site-content-layout":"default","ast-main-header-display":"","ast-hfb-above-header-display":"","ast-hfb-below-header-display":"","ast-hfb-mobile-header-display":"","site-post-title":"","ast-breadcrumbs-content":"","ast-featured-img":"","footer-sml-layout":"","theme-transparent-header-meta":"","adv-header-id-meta":"","stick-header-meta":"","header-above-stick-meta":"","header-main-stick-meta":"","header-below-stick-meta":"","footnotes":""},"class_list":["post-2","page","type-page","status-publish","hentry"],"_links":{"self":[{"href":"https:\/\/marcom-lab.com\/index.php\/wp-json\/wp\/v2\/pages\/2","targetHints":{"allow":["GET"]}}],"collection":[{"href":"https:\/\/marcom-lab.com\/index.php\/wp-json\/wp\/v2\/pages"}],"about":[{"href":"https:\/\/marcom-lab.com\/index.php\/wp-json\/wp\/v2\/types\/page"}],"author":[{"embeddable":true,"href":"https:\/\/marcom-lab.com\/index.php\/wp-json\/wp\/v2\/users\/1"}],"replies":[{"embeddable":true,"href":"https:\/\/marcom-lab.com\/index.php\/wp-json\/wp\/v2\/comments?post=2"}],"version-history":[{"count":93,"href":"https:\/\/marcom-lab.com\/index.php\/wp-json\/wp\/v2\/pages\/2\/revisions"}],"predecessor-version":[{"id":1644,"href":"https:\/\/marcom-lab.com\/index.php\/wp-json\/wp\/v2\/pages\/2\/revisions\/1644"}],"wp:attachment":[{"href":"https:\/\/marcom-lab.com\/index.php\/wp-json\/wp\/v2\/media?parent=2"}],"curies":[{"name":"wp","href":"https:\/\/api.w.org\/{rel}","templated":true}]}}