{"id":1632,"date":"2022-02-15T04:24:03","date_gmt":"2022-02-15T04:24:03","guid":{"rendered":"https:\/\/marcom-lab.com\/?page_id=1632"},"modified":"2022-02-15T04:37:40","modified_gmt":"2022-02-15T04:37:40","slug":"com-pr","status":"publish","type":"page","link":"https:\/\/marcom-lab.com\/index.php\/com-pr\/","title":{"rendered":""},"content":{"rendered":"\t\t<div data-elementor-type=\"wp-page\" data-elementor-id=\"1632\" class=\"elementor elementor-1632\">\n\t\t\t\t\t\t\t\t\t<section class=\"elementor-section elementor-top-section elementor-element elementor-element-357a5e24 elementor-section-boxed elementor-section-height-default elementor-section-height-default\" data-id=\"357a5e24\" data-element_type=\"section\">\n\t\t\t\t\t\t<div class=\"elementor-container elementor-column-gap-default\">\n\t\t\t\t\t<div class=\"elementor-column elementor-col-100 elementor-top-column elementor-element elementor-element-62ca87b9\" data-id=\"62ca87b9\" data-element_type=\"column\">\n\t\t\t<div class=\"elementor-widget-wrap elementor-element-populated\">\n\t\t\t\t\t\t\t\t<div class=\"elementor-element elementor-element-2a0d3e8 elementor-widget elementor-widget-text-editor\" data-id=\"2a0d3e8\" data-element_type=\"widget\" data-widget_type=\"text-editor.default\">\n\t\t\t\t<div class=\"elementor-widget-container\">\n\t\t\t<style>\/*! elementor - v3.7.8 - 02-10-2022 *\/\n.elementor-widget-text-editor.elementor-drop-cap-view-stacked .elementor-drop-cap{background-color:#818a91;color:#fff}.elementor-widget-text-editor.elementor-drop-cap-view-framed .elementor-drop-cap{color:#818a91;border:3px solid;background-color:transparent}.elementor-widget-text-editor:not(.elementor-drop-cap-view-default) .elementor-drop-cap{margin-top:8px}.elementor-widget-text-editor:not(.elementor-drop-cap-view-default) .elementor-drop-cap-letter{width:1em;height:1em}.elementor-widget-text-editor .elementor-drop-cap{float:left;text-align:center;line-height:1;font-size:50px}.elementor-widget-text-editor .elementor-drop-cap-letter{display:inline-block}<\/style>\t\t\t\t<h2><b>COMUNICACION Y RELACIONES PUBLICAS<\/b><span style=\"background-color: var(--ast-global-color-5); color: var(--ast-global-color-3); font-size: 1rem;\">\u00a0<\/span><\/h2><p><!-- \/wp:paragraph --><\/p>\t\t\t\t\t\t<\/div>\n\t\t\t\t<\/div>\n\t\t\t\t<div class=\"elementor-element elementor-element-66e50a5 elementor-widget elementor-widget-text-editor\" data-id=\"66e50a5\" data-element_type=\"widget\" data-widget_type=\"text-editor.default\">\n\t\t\t\t<div class=\"elementor-widget-container\">\n\t\t\t\t\t\t\t<p><b style=\"color: var(--ast-global-color-3); font-size: 1rem; font-style: inherit;\">COMUNICARSE COMO PARTE DE UNA COMUNIDAD M\u00c1S AMPLIA<\/b><br><\/p>\n<div>\n<p class=\"wb-stl-normal\"><span lang=\"ES\">Encontrar el mensaje correcto para atraer a la demograf\u00eda m\u00e1s amplia posible y mantener el posicionamiento de la empresa a largo plazo.<\/span><\/p>\n<\/div>\n<div>\n<\/div>\n<p><!-- \/wp:paragraph --><\/p>\t\t\t\t\t\t<\/div>\n\t\t\t\t<\/div>\n\t\t\t\t\t<\/div>\n\t\t<\/div>\n\t\t\t\t\t\t\t<\/div>\n\t\t<\/section>\n\t\t\t\t<section class=\"elementor-section elementor-inner-section elementor-element elementor-element-519c20b elementor-section-boxed elementor-section-height-default elementor-section-height-default\" data-id=\"519c20b\" data-element_type=\"section\">\n\t\t\t\t\t\t<div class=\"elementor-container elementor-column-gap-default\">\n\t\t\t\t\t<div class=\"elementor-column elementor-col-50 elementor-inner-column elementor-element elementor-element-3181a2a\" data-id=\"3181a2a\" data-element_type=\"column\">\n\t\t\t<div class=\"elementor-widget-wrap elementor-element-populated\">\n\t\t\t\t\t\t\t\t<div class=\"elementor-element elementor-element-21402d1 elementor-widget elementor-widget-text-editor\" data-id=\"21402d1\" data-element_type=\"widget\" data-widget_type=\"text-editor.default\">\n\t\t\t\t<div class=\"elementor-widget-container\">\n\t\t\t\t\t\t\t<div>\n<p class=\"wb-stl-normal\" style=\"font-size: 14px;\"><span style=\"font-weight: bold; font-size: 16px;\"><span lang=\"ES\">COMUNICACI\u00d3N INTERNA<\/span><\/span><\/p>\n<\/div>\n<div>\n<p class=\"wb-stl-normal\" style=\"font-size: 14px;\"><span lang=\"ES\">No es solo la cara p\u00fablica de la empresa lo que importa en la comunicaci\u00f3n efectiva en el entorno actual. La informaci\u00f3n debe fluir de forma natural y regular a trav\u00e9s de las estructuras internas de la empresa.<\/span><\/p>\n<\/div>\t\t\t\t\t\t<\/div>\n\t\t\t\t<\/div>\n\t\t\t\t\t<\/div>\n\t\t<\/div>\n\t\t\t\t<div class=\"elementor-column elementor-col-50 elementor-inner-column elementor-element elementor-element-986fed9\" data-id=\"986fed9\" data-element_type=\"column\">\n\t\t\t<div class=\"elementor-widget-wrap elementor-element-populated\">\n\t\t\t\t\t\t\t\t<div class=\"elementor-element elementor-element-6b5b98d elementor-widget elementor-widget-image\" data-id=\"6b5b98d\" data-element_type=\"widget\" data-widget_type=\"image.default\">\n\t\t\t\t<div class=\"elementor-widget-container\">\n\t\t\t<style>\/*! elementor - v3.7.8 - 02-10-2022 *\/\n.elementor-widget-image{text-align:center}.elementor-widget-image a{display:inline-block}.elementor-widget-image a img[src$=\".svg\"]{width:48px}.elementor-widget-image img{vertical-align:middle;display:inline-block}<\/style>\t\t\t\t\t\t\t\t\t\t\t\t<img loading=\"lazy\" decoding=\"async\" width=\"612\" height=\"344\" src=\"https:\/\/marcom-lab.com\/wp-content\/uploads\/2022\/02\/comunicacion-interna.jpeg\" class=\"attachment-large size-large\" alt=\"\" srcset=\"https:\/\/marcom-lab.com\/wp-content\/uploads\/2022\/02\/comunicacion-interna.jpeg 612w, https:\/\/marcom-lab.com\/wp-content\/uploads\/2022\/02\/comunicacion-interna-300x169.jpeg 300w\" sizes=\"auto, (max-width: 612px) 100vw, 612px\" \/>\t\t\t\t\t\t\t\t\t\t\t\t\t\t\t<\/div>\n\t\t\t\t<\/div>\n\t\t\t\t\t<\/div>\n\t\t<\/div>\n\t\t\t\t\t\t\t<\/div>\n\t\t<\/section>\n\t\t\t\t<section class=\"elementor-section elementor-inner-section elementor-element elementor-element-2502bf6 elementor-section-boxed elementor-section-height-default elementor-section-height-default\" data-id=\"2502bf6\" data-element_type=\"section\">\n\t\t\t\t\t\t<div class=\"elementor-container elementor-column-gap-default\">\n\t\t\t\t\t<div class=\"elementor-column elementor-col-50 elementor-inner-column elementor-element elementor-element-a7d7d74\" data-id=\"a7d7d74\" data-element_type=\"column\">\n\t\t\t<div class=\"elementor-widget-wrap elementor-element-populated\">\n\t\t\t\t\t\t\t\t<div class=\"elementor-element elementor-element-b8d71f2 elementor-widget elementor-widget-image\" data-id=\"b8d71f2\" data-element_type=\"widget\" data-widget_type=\"image.default\">\n\t\t\t\t<div class=\"elementor-widget-container\">\n\t\t\t\t\t\t\t\t\t\t\t\t\t\t\t<img loading=\"lazy\" decoding=\"async\" width=\"1024\" height=\"567\" src=\"https:\/\/marcom-lab.com\/wp-content\/uploads\/2022\/02\/medios-1024x567.jpeg\" class=\"attachment-large size-large\" alt=\"\" srcset=\"https:\/\/marcom-lab.com\/wp-content\/uploads\/2022\/02\/medios-1024x567.jpeg 1024w, https:\/\/marcom-lab.com\/wp-content\/uploads\/2022\/02\/medios-300x166.jpeg 300w, https:\/\/marcom-lab.com\/wp-content\/uploads\/2022\/02\/medios-768x425.jpeg 768w, https:\/\/marcom-lab.com\/wp-content\/uploads\/2022\/02\/medios.jpeg 1280w\" sizes=\"auto, (max-width: 1024px) 100vw, 1024px\" \/>\t\t\t\t\t\t\t\t\t\t\t\t\t\t\t<\/div>\n\t\t\t\t<\/div>\n\t\t\t\t\t<\/div>\n\t\t<\/div>\n\t\t\t\t<div class=\"elementor-column elementor-col-50 elementor-inner-column elementor-element elementor-element-d433649\" data-id=\"d433649\" data-element_type=\"column\">\n\t\t\t<div class=\"elementor-widget-wrap elementor-element-populated\">\n\t\t\t\t\t\t\t\t<div class=\"elementor-element elementor-element-60b1e9a elementor-widget elementor-widget-text-editor\" data-id=\"60b1e9a\" data-element_type=\"widget\" data-widget_type=\"text-editor.default\">\n\t\t\t\t<div class=\"elementor-widget-container\">\n\t\t\t\t\t\t\t<div>\n<p class=\"wb-stl-normal\"><b>GESTION Y RELACION CON LOS MEDIOS<\/b><\/p>\n<p style=\"font-size: 14px;\"><span style=\"color: var(--ast-global-color-3); font-style: inherit; background-color: var(--ast-global-color-5);\">LA IMPORTANCIA DE MANTENER UNA BUENA RELACI\u00d3N CON LOS MEDIOS<\/span><\/p>\n<div>\n<p style=\"font-size: 14px;\"><span lang=\"ES\">Cultivar una relaci\u00f3n positiva a largo plazo entre tu marca y los medios puede proveerte de las herramientas y oportunidades que necesitas para llegar a un nicho determinado. Sin embargo, cultivar estas relaciones puede ser un trabajo constante y representar un reto significativo para muchas empresas.<\/span><\/p>\n<\/div>\n<\/div>\n<div>\u00a0<\/div>\t\t\t\t\t\t<\/div>\n\t\t\t\t<\/div>\n\t\t\t\t\t<\/div>\n\t\t<\/div>\n\t\t\t\t\t\t\t<\/div>\n\t\t<\/section>\n\t\t\t\t<section class=\"elementor-section elementor-inner-section elementor-element elementor-element-80f7d51 elementor-section-boxed elementor-section-height-default elementor-section-height-default\" data-id=\"80f7d51\" data-element_type=\"section\">\n\t\t\t\t\t\t<div class=\"elementor-container elementor-column-gap-default\">\n\t\t\t\t\t<div class=\"elementor-column elementor-col-50 elementor-inner-column elementor-element elementor-element-8dfb56d\" data-id=\"8dfb56d\" data-element_type=\"column\">\n\t\t\t<div class=\"elementor-widget-wrap elementor-element-populated\">\n\t\t\t\t\t\t\t\t<div class=\"elementor-element elementor-element-7ec2084 elementor-widget elementor-widget-text-editor\" data-id=\"7ec2084\" data-element_type=\"widget\" data-widget_type=\"text-editor.default\">\n\t\t\t\t<div class=\"elementor-widget-container\">\n\t\t\t\t\t\t\t<div>\n<p class=\"wb-stl-normal\" style=\"font-size: 14px;\"><span style=\"background-color: var(--ast-global-color-5); font-style: inherit; color: var(--ast-global-color-3);\"><b>ENTREVISTAS Y RUEDAS DE PRENSA<\/b><\/span><\/p>\n<p class=\"wb-stl-normal\" style=\"font-size: 14px;\">En <strong>MARCOM LAB<\/strong>\u00a0creemos que es importante dar cabida a los avances tecnol\u00f3gicos sin perder las bases de la comunicaci\u00f3n informativa, generando una mezcla perfecta entre lo tradicional y lo innovador. Por ello, apostamos por una <strong>estrategia de comunicaci\u00f3n global<\/strong>\u00a0en la que utilizamos herramientas muy valiosas con las ruedas de prensa y entrevistas, entre otras, para que las empresas se vean representadas con rigor y puedan, al mismo tiempo, conseguir sus objetivos.\u00a0<\/p>\n<\/div>\n<div>\u00a0<\/div>\t\t\t\t\t\t<\/div>\n\t\t\t\t<\/div>\n\t\t\t\t\t<\/div>\n\t\t<\/div>\n\t\t\t\t<div class=\"elementor-column elementor-col-50 elementor-inner-column elementor-element elementor-element-541d55d\" data-id=\"541d55d\" data-element_type=\"column\">\n\t\t\t<div class=\"elementor-widget-wrap elementor-element-populated\">\n\t\t\t\t\t\t\t\t<div class=\"elementor-element elementor-element-7bfef17 elementor-widget elementor-widget-image\" data-id=\"7bfef17\" data-element_type=\"widget\" data-widget_type=\"image.default\">\n\t\t\t\t<div class=\"elementor-widget-container\">\n\t\t\t\t\t\t\t\t\t\t\t\t\t\t\t<img loading=\"lazy\" decoding=\"async\" width=\"1024\" height=\"682\" src=\"https:\/\/marcom-lab.com\/wp-content\/uploads\/2022\/02\/press-conference-1166343_1280-1024x682.jpeg\" class=\"attachment-large size-large\" alt=\"\" srcset=\"https:\/\/marcom-lab.com\/wp-content\/uploads\/2022\/02\/press-conference-1166343_1280-1024x682.jpeg 1024w, https:\/\/marcom-lab.com\/wp-content\/uploads\/2022\/02\/press-conference-1166343_1280-300x200.jpeg 300w, https:\/\/marcom-lab.com\/wp-content\/uploads\/2022\/02\/press-conference-1166343_1280-768x512.jpeg 768w, https:\/\/marcom-lab.com\/wp-content\/uploads\/2022\/02\/press-conference-1166343_1280.jpeg 1280w\" sizes=\"auto, (max-width: 1024px) 100vw, 1024px\" \/>\t\t\t\t\t\t\t\t\t\t\t\t\t\t\t<\/div>\n\t\t\t\t<\/div>\n\t\t\t\t\t<\/div>\n\t\t<\/div>\n\t\t\t\t\t\t\t<\/div>\n\t\t<\/section>\n\t\t\t\t<section class=\"elementor-section elementor-inner-section elementor-element elementor-element-d18ff69 elementor-section-boxed elementor-section-height-default elementor-section-height-default\" data-id=\"d18ff69\" data-element_type=\"section\">\n\t\t\t\t\t\t<div class=\"elementor-container elementor-column-gap-default\">\n\t\t\t\t\t<div class=\"elementor-column elementor-col-50 elementor-inner-column elementor-element elementor-element-4581f49\" data-id=\"4581f49\" data-element_type=\"column\">\n\t\t\t<div class=\"elementor-widget-wrap elementor-element-populated\">\n\t\t\t\t\t\t\t\t<div class=\"elementor-element elementor-element-5297352 elementor-widget elementor-widget-image\" data-id=\"5297352\" data-element_type=\"widget\" data-widget_type=\"image.default\">\n\t\t\t\t<div class=\"elementor-widget-container\">\n\t\t\t\t\t\t\t\t\t\t\t\t\t\t\t<img loading=\"lazy\" decoding=\"async\" width=\"1024\" height=\"682\" src=\"https:\/\/marcom-lab.com\/wp-content\/uploads\/2022\/02\/news-5238315_1280-1024x682.jpeg\" class=\"attachment-large size-large\" alt=\"\" srcset=\"https:\/\/marcom-lab.com\/wp-content\/uploads\/2022\/02\/news-5238315_1280-1024x682.jpeg 1024w, https:\/\/marcom-lab.com\/wp-content\/uploads\/2022\/02\/news-5238315_1280-300x200.jpeg 300w, https:\/\/marcom-lab.com\/wp-content\/uploads\/2022\/02\/news-5238315_1280-768x512.jpeg 768w, https:\/\/marcom-lab.com\/wp-content\/uploads\/2022\/02\/news-5238315_1280.jpeg 1280w\" sizes=\"auto, (max-width: 1024px) 100vw, 1024px\" \/>\t\t\t\t\t\t\t\t\t\t\t\t\t\t\t<\/div>\n\t\t\t\t<\/div>\n\t\t\t\t\t<\/div>\n\t\t<\/div>\n\t\t\t\t<div class=\"elementor-column elementor-col-50 elementor-inner-column elementor-element elementor-element-6923f19\" data-id=\"6923f19\" data-element_type=\"column\">\n\t\t\t<div class=\"elementor-widget-wrap elementor-element-populated\">\n\t\t\t\t\t\t\t\t<div class=\"elementor-element elementor-element-8806ceb elementor-widget elementor-widget-text-editor\" data-id=\"8806ceb\" data-element_type=\"widget\" data-widget_type=\"text-editor.default\">\n\t\t\t\t<div class=\"elementor-widget-container\">\n\t\t\t\t\t\t\t<div>\n<p style=\"font-size: 14px;\"><span style=\"font-weight: bold; font-size: 16px;\"><span lang=\"ES\">GENERACION DE CONTENIDOS<\/span><\/span><\/p>\n<\/div>\n<div>\n<p style=\"font-size: 14px;\">Creamos<strong> contenido \u00fatil e interesant<\/strong>e para tu target que genere valor y logre crear relaciones con los usuarios y resultados para tu empresa. R<strong style=\"font-style: inherit; color: var(--ast-global-color-3);\">edactamos el contenido<\/strong><span style=\"font-style: inherit; background-color: var(--ast-global-color-5); color: var(--ast-global-color-3);\"> (creativo, informativo, orientado a SEO\u2026) y nos encargamos de introducirlo en todos los canales (Prensa, TV, Radio, web\u2026). generando valor y<\/span><strong style=\"font-style: inherit; color: var(--ast-global-color-3);\"> aumentando la confianza de tu audiencia<\/strong><span style=\"font-style: inherit; background-color: var(--ast-global-color-5); color: var(--ast-global-color-3);\">, para mejorar la <\/span><strong style=\"font-style: inherit; color: var(--ast-global-color-3);\">calidad del tr\u00e1fico<\/strong><span style=\"font-style: inherit; background-color: var(--ast-global-color-5); color: var(--ast-global-color-3);\">\u00a0y <\/span><strong style=\"font-style: inherit; color: var(--ast-global-color-3);\">aumentar la reputaci\u00f3n\u00a0<\/strong><span style=\"font-style: inherit; background-color: var(--ast-global-color-5); color: var(--ast-global-color-3);\">mediante la creaci\u00f3n de:<\/span><\/p>\n<p style=\"font-size: 14px;\"><span style=\"font-style: inherit; background-color: var(--ast-global-color-5); color: var(--ast-global-color-3);\">\u00a0 \u00a0 \u00a0 \u00a0&#8211; Art\u00edculos, \u00a0 \u00a0 \u00a0 \u00a0 \u00a0 \u00a0 \u00a0 \u00a0 \u00a0 \u00a0 \u00a0 \u00a0 \u00a0 \u00a0 \u00a0 \u00a0&#8211;\u00a0<\/span><span style=\"font-style: inherit; color: var(--ast-global-color-3); background-color: var(--ast-global-color-5);\">Notas de Prensa<\/span><\/p>\n<p style=\"font-size: 14px;\"><span style=\"font-style: inherit; background-color: var(--ast-global-color-5); color: var(--ast-global-color-3);\">\u00a0 \u00a0 \u00a0 \u00a0&#8211; Social Media \u00a0 \u00a0 \u00a0 \u00a0 \u00a0 \u00a0 \u00a0 \u00a0 \u00a0 \u00a0 \u00a0 \u00a0 \u00a0&#8211;\u00a0<\/span><span style=\"font-style: inherit; color: var(--ast-global-color-3); background-color: var(--ast-global-color-5);\">Case Studies<\/span><\/p>\n<p style=\"font-size: 14px;\"><span style=\"font-style: inherit; background-color: var(--ast-global-color-5); color: var(--ast-global-color-3);\">\u00a0 \u00a0 \u00a0 \u00a0&#8211; Infograf\u00edas \u00a0 \u00a0 \u00a0 \u00a0 \u00a0 \u00a0 \u00a0 \u00a0 \u00a0 \u00a0 \u00a0 \u00a0 \u00a0 \u00a0 \u00a0&#8211;\u00a0<\/span><span style=\"font-style: inherit; color: var(--ast-global-color-3); background-color: var(--ast-global-color-5);\">V\u00eddeos\u00a0<\/span><\/p>\n<\/div>\t\t\t\t\t\t<\/div>\n\t\t\t\t<\/div>\n\t\t\t\t\t<\/div>\n\t\t<\/div>\n\t\t\t\t\t\t\t<\/div>\n\t\t<\/section>\n\t\t\t\t<section class=\"elementor-section elementor-inner-section elementor-element elementor-element-60eac8a elementor-section-boxed elementor-section-height-default elementor-section-height-default\" data-id=\"60eac8a\" data-element_type=\"section\">\n\t\t\t\t\t\t<div class=\"elementor-container elementor-column-gap-default\">\n\t\t\t\t\t<div class=\"elementor-column elementor-col-50 elementor-inner-column elementor-element elementor-element-de93c01\" data-id=\"de93c01\" data-element_type=\"column\">\n\t\t\t<div class=\"elementor-widget-wrap elementor-element-populated\">\n\t\t\t\t\t\t\t\t<div class=\"elementor-element elementor-element-9c31c74 elementor-widget elementor-widget-text-editor\" data-id=\"9c31c74\" data-element_type=\"widget\" data-widget_type=\"text-editor.default\">\n\t\t\t\t<div class=\"elementor-widget-container\">\n\t\t\t\t\t\t\t<div>\n<div>\n<p class=\"wb-stl-normal\" style=\"font-size: 14px;\"><span style=\"font-style: inherit; background-color: var(--ast-global-color-5); color: var(--ast-global-color-3);\"><b>GESTION DE CRISIS<\/b><\/span><\/p>\n<p class=\"wb-stl-normal\"><span style=\"background-color: var(--ast-global-color-5);\"><span style=\"color: var(--ast-global-color-3); font-style: inherit;\">Es muy importante responder de la manera m\u00e1s adecuada y r\u00e1pida \u00a0cuando surgen problemas de calidad o seguridad y proporcionar informaci\u00f3n completa para asegurar al p\u00fablico el compromiso sincero de la compa\u00f1\u00eda de restaurar un producto o servicio en el que el p\u00fablico puede confiar. Es por esto la importancia de una excelente\u00a0<\/span>relaci\u00f3n<span style=\"color: var(--ast-global-color-3); font-style: inherit;\">\u00a0entre la marca y el medio de comunicaci\u00f3n.<\/span><\/span><\/p>\n<\/div>\n<\/div>\n<div>\u00a0<\/div>\t\t\t\t\t\t<\/div>\n\t\t\t\t<\/div>\n\t\t\t\t\t<\/div>\n\t\t<\/div>\n\t\t\t\t<div class=\"elementor-column elementor-col-50 elementor-inner-column elementor-element elementor-element-a7ea2e1\" data-id=\"a7ea2e1\" data-element_type=\"column\">\n\t\t\t<div class=\"elementor-widget-wrap elementor-element-populated\">\n\t\t\t\t\t\t\t\t<div class=\"elementor-element elementor-element-121380a elementor-widget elementor-widget-image\" data-id=\"121380a\" data-element_type=\"widget\" data-widget_type=\"image.default\">\n\t\t\t\t<div class=\"elementor-widget-container\">\n\t\t\t\t\t\t\t\t\t\t\t\t\t\t\t<img loading=\"lazy\" decoding=\"async\" width=\"612\" height=\"408\" src=\"https:\/\/marcom-lab.com\/wp-content\/uploads\/2022\/02\/interview.jpeg\" class=\"attachment-large size-large\" alt=\"\" srcset=\"https:\/\/marcom-lab.com\/wp-content\/uploads\/2022\/02\/interview.jpeg 612w, https:\/\/marcom-lab.com\/wp-content\/uploads\/2022\/02\/interview-300x200.jpeg 300w\" sizes=\"auto, (max-width: 612px) 100vw, 612px\" \/>\t\t\t\t\t\t\t\t\t\t\t\t\t\t\t<\/div>\n\t\t\t\t<\/div>\n\t\t\t\t\t<\/div>\n\t\t<\/div>\n\t\t\t\t\t\t\t<\/div>\n\t\t<\/section>\n\t\t\t\t<section class=\"elementor-section elementor-inner-section elementor-element elementor-element-c671263 elementor-section-boxed elementor-section-height-default elementor-section-height-default\" data-id=\"c671263\" data-element_type=\"section\">\n\t\t\t\t\t\t<div class=\"elementor-container elementor-column-gap-default\">\n\t\t\t\t\t<div class=\"elementor-column elementor-col-50 elementor-inner-column elementor-element elementor-element-ef44161\" data-id=\"ef44161\" data-element_type=\"column\">\n\t\t\t<div class=\"elementor-widget-wrap elementor-element-populated\">\n\t\t\t\t\t\t\t\t<div class=\"elementor-element elementor-element-615e8f8 elementor-widget elementor-widget-image\" data-id=\"615e8f8\" data-element_type=\"widget\" data-widget_type=\"image.default\">\n\t\t\t\t<div class=\"elementor-widget-container\">\n\t\t\t\t\t\t\t\t\t\t\t\t\t\t\t<img loading=\"lazy\" decoding=\"async\" width=\"1024\" height=\"682\" src=\"https:\/\/marcom-lab.com\/wp-content\/uploads\/2022\/02\/Social-Media-1024x682.jpeg\" class=\"attachment-large size-large\" alt=\"\" srcset=\"https:\/\/marcom-lab.com\/wp-content\/uploads\/2022\/02\/Social-Media-1024x682.jpeg 1024w, https:\/\/marcom-lab.com\/wp-content\/uploads\/2022\/02\/Social-Media-300x200.jpeg 300w, https:\/\/marcom-lab.com\/wp-content\/uploads\/2022\/02\/Social-Media-768x512.jpeg 768w, https:\/\/marcom-lab.com\/wp-content\/uploads\/2022\/02\/Social-Media.jpeg 1280w\" sizes=\"auto, (max-width: 1024px) 100vw, 1024px\" \/>\t\t\t\t\t\t\t\t\t\t\t\t\t\t\t<\/div>\n\t\t\t\t<\/div>\n\t\t\t\t\t<\/div>\n\t\t<\/div>\n\t\t\t\t<div class=\"elementor-column elementor-col-50 elementor-inner-column elementor-element elementor-element-9d69ab8\" data-id=\"9d69ab8\" data-element_type=\"column\">\n\t\t\t<div class=\"elementor-widget-wrap elementor-element-populated\">\n\t\t\t\t\t\t\t\t<div class=\"elementor-element elementor-element-02bd824 elementor-widget elementor-widget-text-editor\" data-id=\"02bd824\" data-element_type=\"widget\" data-widget_type=\"text-editor.default\">\n\t\t\t\t<div class=\"elementor-widget-container\">\n\t\t\t\t\t\t\t<div>\n<p style=\"font-size: 14px;\"><span style=\"font-weight: bold; font-size: 16px;\"><span lang=\"ES\">LAS REDES SOCIALES CAMBIAN EL PAPEL DE LA COMUNICACI\u00d3N<\/span><\/span><\/p>\n<\/div>\n<div>\n<p style=\"font-size: 14px;\"><span lang=\"ES\">Las empresas ya no pueden depender \u00fanicamente de las formas tradicionales de comunicaci\u00f3n. Las redes son un<\/span><span style=\"font-style: inherit; background-color: var(--ast-global-color-5); color: var(--ast-global-color-3);\">\u00a0canal de atenci\u00f3n al cliente, de informaci\u00f3n, de captaci\u00f3n y de transacci\u00f3n.<\/span><\/p>\n<p>Seguro que alguna vez has o\u00eddo hablar del Marketing de Influencers y de c\u00f3mo estos ayudan a las empresas a mejorar su estrategia de marketing.\u00a0De hecho, los influencers se han convertido en una herramienta important\u00edsima para que los negocios den un empuj\u00f3n a sus acciones de marketing. En K-digital trabajamos con ellos y podemos ponerte en contacto con los que m\u00e1s visibilidad puedan dar a tu empresa.<span style=\"color: var(--ast-global-color-3); font-style: inherit; background-color: var(--ast-global-color-5);\">\u00a0<\/span><\/p>\n<\/div>\t\t\t\t\t\t<\/div>\n\t\t\t\t<\/div>\n\t\t\t\t\t<\/div>\n\t\t<\/div>\n\t\t\t\t\t\t\t<\/div>\n\t\t<\/section>\n\t\t\t\t\t\t\t<\/div>\n\t\t","protected":false},"excerpt":{"rendered":"<p>COMUNICACION Y RELACIONES PUBLICAS\u00a0 COMUNICARSE COMO PARTE DE UNA COMUNIDAD M\u00c1S AMPLIA Encontrar el mensaje correcto para atraer a la demograf\u00eda m\u00e1s amplia posible y mantener el posicionamiento de la empresa a largo plazo. COMUNICACI\u00d3N INTERNA No es solo la cara p\u00fablica de la empresa lo que importa en la comunicaci\u00f3n efectiva en el entorno &hellip;<\/p>\n<p class=\"read-more\"> <a class=\"\" href=\"https:\/\/marcom-lab.com\/index.php\/com-pr\/\">  Read More &raquo;<\/a><\/p>\n","protected":false},"author":1,"featured_media":0,"parent":0,"menu_order":0,"comment_status":"closed","ping_status":"closed","template":"","meta":{"site-sidebar-layout":"default","site-content-layout":"default","ast-main-header-display":"","ast-hfb-above-header-display":"","ast-hfb-below-header-display":"","ast-hfb-mobile-header-display":"","site-post-title":"","ast-breadcrumbs-content":"","ast-featured-img":"","footer-sml-layout":"","theme-transparent-header-meta":"","adv-header-id-meta":"","stick-header-meta":"","header-above-stick-meta":"","header-main-stick-meta":"","header-below-stick-meta":"","footnotes":""},"class_list":["post-1632","page","type-page","status-publish","hentry"],"_links":{"self":[{"href":"https:\/\/marcom-lab.com\/index.php\/wp-json\/wp\/v2\/pages\/1632","targetHints":{"allow":["GET"]}}],"collection":[{"href":"https:\/\/marcom-lab.com\/index.php\/wp-json\/wp\/v2\/pages"}],"about":[{"href":"https:\/\/marcom-lab.com\/index.php\/wp-json\/wp\/v2\/types\/page"}],"author":[{"embeddable":true,"href":"https:\/\/marcom-lab.com\/index.php\/wp-json\/wp\/v2\/users\/1"}],"replies":[{"embeddable":true,"href":"https:\/\/marcom-lab.com\/index.php\/wp-json\/wp\/v2\/comments?post=1632"}],"version-history":[{"count":5,"href":"https:\/\/marcom-lab.com\/index.php\/wp-json\/wp\/v2\/pages\/1632\/revisions"}],"predecessor-version":[{"id":1639,"href":"https:\/\/marcom-lab.com\/index.php\/wp-json\/wp\/v2\/pages\/1632\/revisions\/1639"}],"wp:attachment":[{"href":"https:\/\/marcom-lab.com\/index.php\/wp-json\/wp\/v2\/media?parent=1632"}],"curies":[{"name":"wp","href":"https:\/\/api.w.org\/{rel}","templated":true}]}}